{"id":14,"date":"2025-02-13T14:27:01","date_gmt":"2025-02-13T14:27:01","guid":{"rendered":"https:\/\/talent-pluriel.fr\/?page_id=14"},"modified":"2025-03-03T16:41:00","modified_gmt":"2025-03-03T16:41:00","slug":"traiteur-lyon","status":"publish","type":"page","link":"https:\/\/talent-pluriel.fr\/","title":{"rendered":"Accueil"},"content":{"rendered":"\t\t<div data-elementor-type=\"wp-page\" data-elementor-id=\"14\" class=\"elementor elementor-14\">\n\t\t\t\t<div class=\"elementor-element elementor-element-e1d7a3a e-flex e-con-boxed e-con e-parent\" data-id=\"e1d7a3a\" data-element_type=\"container\">\n\t\t\t\t\t<div class=\"e-con-inner\">\n\t\t\t\t<div class=\"elementor-element elementor-element-052054f elementor-widget elementor-widget-image\" data-id=\"052054f\" data-element_type=\"widget\" data-widget_type=\"image.default\">\n\t\t\t\t<div class=\"elementor-widget-container\">\n\t\t\t\t\t\t\t\t\t\t\t\t\t\t\t<img fetchpriority=\"high\" decoding=\"async\" width=\"1024\" height=\"746\" src=\"https:\/\/talent-pluriel.fr\/wp-content\/uploads\/2025\/03\/talent-pluriel-1-1024x746.png\" class=\"attachment-large size-large wp-image-57\" alt=\"\" srcset=\"https:\/\/talent-pluriel.fr\/wp-content\/uploads\/2025\/03\/talent-pluriel-1-1024x746.png 1024w, https:\/\/talent-pluriel.fr\/wp-content\/uploads\/2025\/03\/talent-pluriel-1-300x218.png 300w, https:\/\/talent-pluriel.fr\/wp-content\/uploads\/2025\/03\/talent-pluriel-1-768x559.png 768w, https:\/\/talent-pluriel.fr\/wp-content\/uploads\/2025\/03\/talent-pluriel-1.png 1280w\" sizes=\"(max-width: 1024px) 100vw, 1024px\" \/>\t\t\t\t\t\t\t\t\t\t\t\t\t\t\t<\/div>\n\t\t\t\t<\/div>\n\t\t\t\t\t<\/div>\n\t\t\t\t<\/div>\n\t\t<div class=\"elementor-element elementor-element-fb2bfa4 e-con-full e-flex e-con e-parent\" data-id=\"fb2bfa4\" data-element_type=\"container\">\n\t\t\t\t<div class=\"elementor-element elementor-element-9afe1cc elementor-widget elementor-widget-html\" data-id=\"9afe1cc\" data-element_type=\"widget\" data-widget_type=\"html.default\">\n\t\t\t\t<div class=\"elementor-widget-container\">\n\t\t\t\t\t<div class=\"_df_book df-lite\" id=\"df_30\"  _slug=\"talent-plurien\" data-title=\"talent-pluriel\" wpoptions=\"true\" thumbtype=\"\" ><\/div><script class=\"df-shortcode-script\" nowprocket type=\"application\/javascript\">window.option_df_30 = {\"outline\":[],\"backgroundColor\":\"#FFFFFF\",\"viewerType\":\"reader\",\"autoEnableOutline\":\"false\",\"autoEnableThumbnail\":\"false\",\"overwritePDFOutline\":\"false\",\"direction\":\"1\",\"pageSize\":\"0\",\"soundEnable\":\"false\",\"maxTextureSize\":\"1600\",\"source\":\"https:\\\/\\\/talent-pluriel.fr\\\/wp-content\\\/uploads\\\/2025\\\/03\\\/Plaquette-Talent-Pluriel-2026-3.pdf\",\"wpOptions\":\"true\"}; if(window.DFLIP && window.DFLIP.parseBooks){window.DFLIP.parseBooks();}<\/script>\t\t\t\t<\/div>\n\t\t\t\t<\/div>\n\t\t\t\t<\/div>\n\t\t\t\t<\/div>\n\t\t","protected":false},"excerpt":{"rendered":"","protected":false},"author":1,"featured_media":71,"parent":0,"menu_order":0,"comment_status":"closed","ping_status":"closed","template":"","meta":{"footnotes":""},"class_list":["post-14","page","type-page","status-publish","has-post-thumbnail","hentry"],"yoast_head":"<!-- This site is optimized with the Yoast SEO plugin v24.5 - https:\/\/yoast.com\/wordpress\/plugins\/seo\/ -->\n<title>Talent Pluriel - Traiteur inclusif \u00e0 Lyon pour tous vos \u00e9v\u00e9nements<\/title>\n<meta name=\"description\" content=\"Talent Pluriel, traiteur inclusif \u00e0 Lyon, favorise l\u2019insertion des personnes en situation de handicap \u00e0 travers une cuisine gourmande et engag\u00e9e. Offrez \u00e0 vos \u00e9v\u00e9nements des saveurs uniques tout en soutenant une d\u00e9marche solidaire et responsable.\" \/>\n<meta name=\"robots\" content=\"index, follow, max-snippet:-1, max-image-preview:large, max-video-preview:-1\" \/>\n<link rel=\"canonical\" href=\"https:\/\/talent-pluriel.fr\/\" \/>\n<meta property=\"og:locale\" content=\"fr_FR\" \/>\n<meta property=\"og:type\" content=\"article\" \/>\n<meta property=\"og:title\" content=\"Talent Pluriel - Traiteur inclusif \u00e0 Lyon pour tous vos \u00e9v\u00e9nements\" \/>\n<meta property=\"og:description\" content=\"Talent Pluriel, traiteur inclusif \u00e0 Lyon, favorise l\u2019insertion des personnes en situation de handicap \u00e0 travers une cuisine gourmande et engag\u00e9e. Offrez \u00e0 vos \u00e9v\u00e9nements des saveurs uniques tout en soutenant une d\u00e9marche solidaire et responsable.\" \/>\n<meta property=\"og:url\" content=\"https:\/\/talent-pluriel.fr\/\" \/>\n<meta property=\"og:site_name\" content=\"Talent Pluriel\" \/>\n<meta property=\"article:modified_time\" content=\"2025-03-03T16:41:00+00:00\" \/>\n<meta property=\"og:image\" content=\"https:\/\/talent-pluriel.fr\/wp-content\/uploads\/2025\/03\/Capture-decran-2025-03-03-a-17.32.10.png\" \/>\n\t<meta property=\"og:image:width\" content=\"866\" \/>\n\t<meta property=\"og:image:height\" content=\"640\" \/>\n\t<meta property=\"og:image:type\" content=\"image\/png\" \/>\n<meta name=\"twitter:card\" content=\"summary_large_image\" \/>\n<meta name=\"twitter:label1\" content=\"Dur\u00e9e de lecture estim\u00e9e\" \/>\n\t<meta name=\"twitter:data1\" content=\"1 minute\" \/>\n<script type=\"application\/ld+json\" class=\"yoast-schema-graph\">{\"@context\":\"https:\/\/schema.org\",\"@graph\":[{\"@type\":\"WebPage\",\"@id\":\"https:\/\/talent-pluriel.fr\/\",\"url\":\"https:\/\/talent-pluriel.fr\/\",\"name\":\"Talent Pluriel - Traiteur inclusif \u00e0 Lyon pour tous vos \u00e9v\u00e9nements\",\"isPartOf\":{\"@id\":\"https:\/\/talent-pluriel.fr\/#website\"},\"primaryImageOfPage\":{\"@id\":\"https:\/\/talent-pluriel.fr\/#primaryimage\"},\"image\":{\"@id\":\"https:\/\/talent-pluriel.fr\/#primaryimage\"},\"thumbnailUrl\":\"https:\/\/talent-pluriel.fr\/wp-content\/uploads\/2025\/03\/Capture-decran-2025-03-03-a-17.32.10.png\",\"datePublished\":\"2025-02-13T14:27:01+00:00\",\"dateModified\":\"2025-03-03T16:41:00+00:00\",\"description\":\"Talent Pluriel, traiteur inclusif \u00e0 Lyon, favorise l\u2019insertion des personnes en situation de handicap \u00e0 travers une cuisine gourmande et engag\u00e9e. Offrez \u00e0 vos \u00e9v\u00e9nements des saveurs uniques tout en soutenant une d\u00e9marche solidaire et responsable.\",\"breadcrumb\":{\"@id\":\"https:\/\/talent-pluriel.fr\/#breadcrumb\"},\"inLanguage\":\"fr-FR\",\"potentialAction\":[{\"@type\":\"ReadAction\",\"target\":[\"https:\/\/talent-pluriel.fr\/\"]}]},{\"@type\":\"ImageObject\",\"inLanguage\":\"fr-FR\",\"@id\":\"https:\/\/talent-pluriel.fr\/#primaryimage\",\"url\":\"https:\/\/talent-pluriel.fr\/wp-content\/uploads\/2025\/03\/Capture-decran-2025-03-03-a-17.32.10.png\",\"contentUrl\":\"https:\/\/talent-pluriel.fr\/wp-content\/uploads\/2025\/03\/Capture-decran-2025-03-03-a-17.32.10.png\",\"width\":866,\"height\":640},{\"@type\":\"BreadcrumbList\",\"@id\":\"https:\/\/talent-pluriel.fr\/#breadcrumb\",\"itemListElement\":[{\"@type\":\"ListItem\",\"position\":1,\"name\":\"Accueil\",\"item\":\"https:\/\/talent-pluriel.fr\/\"},{\"@type\":\"ListItem\",\"position\":2,\"name\":\"Accueil\"}]},{\"@type\":\"WebSite\",\"@id\":\"https:\/\/talent-pluriel.fr\/#website\",\"url\":\"https:\/\/talent-pluriel.fr\/\",\"name\":\"Talent Pluriel\",\"description\":\"\",\"potentialAction\":[{\"@type\":\"SearchAction\",\"target\":{\"@type\":\"EntryPoint\",\"urlTemplate\":\"https:\/\/talent-pluriel.fr\/?s={search_term_string}\"},\"query-input\":{\"@type\":\"PropertyValueSpecification\",\"valueRequired\":true,\"valueName\":\"search_term_string\"}}],\"inLanguage\":\"fr-FR\"}]}<\/script>\n<!-- \/ Yoast SEO plugin. -->","yoast_head_json":{"title":"Talent Pluriel - Traiteur inclusif \u00e0 Lyon pour tous vos \u00e9v\u00e9nements","description":"Talent Pluriel, traiteur inclusif \u00e0 Lyon, favorise l\u2019insertion des personnes en situation de handicap \u00e0 travers une cuisine gourmande et engag\u00e9e. Offrez \u00e0 vos \u00e9v\u00e9nements des saveurs uniques tout en soutenant une d\u00e9marche solidaire et responsable.","robots":{"index":"index","follow":"follow","max-snippet":"max-snippet:-1","max-image-preview":"max-image-preview:large","max-video-preview":"max-video-preview:-1"},"canonical":"https:\/\/talent-pluriel.fr\/","og_locale":"fr_FR","og_type":"article","og_title":"Talent Pluriel - Traiteur inclusif \u00e0 Lyon pour tous vos \u00e9v\u00e9nements","og_description":"Talent Pluriel, traiteur inclusif \u00e0 Lyon, favorise l\u2019insertion des personnes en situation de handicap \u00e0 travers une cuisine gourmande et engag\u00e9e. Offrez \u00e0 vos \u00e9v\u00e9nements des saveurs uniques tout en soutenant une d\u00e9marche solidaire et responsable.","og_url":"https:\/\/talent-pluriel.fr\/","og_site_name":"Talent Pluriel","article_modified_time":"2025-03-03T16:41:00+00:00","og_image":[{"width":866,"height":640,"url":"https:\/\/talent-pluriel.fr\/wp-content\/uploads\/2025\/03\/Capture-decran-2025-03-03-a-17.32.10.png","type":"image\/png"}],"twitter_card":"summary_large_image","twitter_misc":{"Dur\u00e9e de lecture estim\u00e9e":"1 minute"},"schema":{"@context":"https:\/\/schema.org","@graph":[{"@type":"WebPage","@id":"https:\/\/talent-pluriel.fr\/","url":"https:\/\/talent-pluriel.fr\/","name":"Talent Pluriel - Traiteur inclusif \u00e0 Lyon pour tous vos \u00e9v\u00e9nements","isPartOf":{"@id":"https:\/\/talent-pluriel.fr\/#website"},"primaryImageOfPage":{"@id":"https:\/\/talent-pluriel.fr\/#primaryimage"},"image":{"@id":"https:\/\/talent-pluriel.fr\/#primaryimage"},"thumbnailUrl":"https:\/\/talent-pluriel.fr\/wp-content\/uploads\/2025\/03\/Capture-decran-2025-03-03-a-17.32.10.png","datePublished":"2025-02-13T14:27:01+00:00","dateModified":"2025-03-03T16:41:00+00:00","description":"Talent Pluriel, traiteur inclusif \u00e0 Lyon, favorise l\u2019insertion des personnes en situation de handicap \u00e0 travers une cuisine gourmande et engag\u00e9e. Offrez \u00e0 vos \u00e9v\u00e9nements des saveurs uniques tout en soutenant une d\u00e9marche solidaire et responsable.","breadcrumb":{"@id":"https:\/\/talent-pluriel.fr\/#breadcrumb"},"inLanguage":"fr-FR","potentialAction":[{"@type":"ReadAction","target":["https:\/\/talent-pluriel.fr\/"]}]},{"@type":"ImageObject","inLanguage":"fr-FR","@id":"https:\/\/talent-pluriel.fr\/#primaryimage","url":"https:\/\/talent-pluriel.fr\/wp-content\/uploads\/2025\/03\/Capture-decran-2025-03-03-a-17.32.10.png","contentUrl":"https:\/\/talent-pluriel.fr\/wp-content\/uploads\/2025\/03\/Capture-decran-2025-03-03-a-17.32.10.png","width":866,"height":640},{"@type":"BreadcrumbList","@id":"https:\/\/talent-pluriel.fr\/#breadcrumb","itemListElement":[{"@type":"ListItem","position":1,"name":"Accueil","item":"https:\/\/talent-pluriel.fr\/"},{"@type":"ListItem","position":2,"name":"Accueil"}]},{"@type":"WebSite","@id":"https:\/\/talent-pluriel.fr\/#website","url":"https:\/\/talent-pluriel.fr\/","name":"Talent Pluriel","description":"","potentialAction":[{"@type":"SearchAction","target":{"@type":"EntryPoint","urlTemplate":"https:\/\/talent-pluriel.fr\/?s={search_term_string}"},"query-input":{"@type":"PropertyValueSpecification","valueRequired":true,"valueName":"search_term_string"}}],"inLanguage":"fr-FR"}]}},"_links":{"self":[{"href":"https:\/\/talent-pluriel.fr\/index.php?rest_route=\/wp\/v2\/pages\/14","targetHints":{"allow":["GET"]}}],"collection":[{"href":"https:\/\/talent-pluriel.fr\/index.php?rest_route=\/wp\/v2\/pages"}],"about":[{"href":"https:\/\/talent-pluriel.fr\/index.php?rest_route=\/wp\/v2\/types\/page"}],"author":[{"embeddable":true,"href":"https:\/\/talent-pluriel.fr\/index.php?rest_route=\/wp\/v2\/users\/1"}],"replies":[{"embeddable":true,"href":"https:\/\/talent-pluriel.fr\/index.php?rest_route=%2Fwp%2Fv2%2Fcomments&post=14"}],"version-history":[{"count":34,"href":"https:\/\/talent-pluriel.fr\/index.php?rest_route=\/wp\/v2\/pages\/14\/revisions"}],"predecessor-version":[{"id":69,"href":"https:\/\/talent-pluriel.fr\/index.php?rest_route=\/wp\/v2\/pages\/14\/revisions\/69"}],"wp:featuredmedia":[{"embeddable":true,"href":"https:\/\/talent-pluriel.fr\/index.php?rest_route=\/wp\/v2\/media\/71"}],"wp:attachment":[{"href":"https:\/\/talent-pluriel.fr\/index.php?rest_route=%2Fwp%2Fv2%2Fmedia&parent=14"}],"curies":[{"name":"wp","href":"https:\/\/api.w.org\/{rel}","templated":true}]}}